{"id":259,"date":"2024-05-01T14:17:37","date_gmt":"2024-05-01T12:17:37","guid":{"rendered":"https:\/\/gid-dortmund.de\/?page_id=259"},"modified":"2024-05-01T14:17:37","modified_gmt":"2024-05-01T12:17:37","slug":"line-dance","status":"publish","type":"page","link":"https:\/\/gid-dortmund.de\/?page_id=259","title":{"rendered":"Line Dance"},"content":{"rendered":"\n<p>Beim Line Dance stehen Spa\u00df, Fitness Tanzen und rhythmisches&nbsp; Bewegen auf Musik im Vordergrund.&nbsp;<\/p>\n\n\n\n<p>Er ist bekannt als &#8222;Tanzen in der Reihe &#8222;und ist individuell ohne Partner m\u00f6glich.<\/p>\n\n\n\n<p>Musik macht gl\u00fccklich, sie beschwingt uns und l\u00e4sst uns beim Tanzen vergessen, dass wir uns gerade sch\u00f6n anstrengen.<\/p>\n\n\n\n<p>Wer regelm\u00e4\u00dfig tanzt verbessert seine Kondition und K\u00f6rperhaltung, h\u00e4lt sich aufrecht und kombiniert gleichzeitig unterschiedliche Bewegungen, die eine Menge an Koordination erfordert.<\/p>\n\n\n\n<p>Darum:&#8220; Wenn du tanzen willst, dann tanz!&#8220;<\/p>\n\n\n\n<p>In der Gruppe werden kleine Choreografien auf unterschiedlichen Musikrichtungen und Rhythmen&nbsp; erarbeitet.<\/p>\n\n\n\n<p>Lateinamerikanische Tanzschritte, Standardt\u00e4nze , Pop, Rock, Jazz und Swing .<\/p>\n\n\n\n<p>Im Anschluss wird auf der Matte&nbsp; ein ganzheitliches Muskeltraining in die Stunde integriert und ein Cool Down bringt Dehnungsf\u00e4higkeit und Entspannung f\u00fcr den K\u00f6rper.<\/p>\n\n\n\n<p><em>&#8222;loslassen -lostanzen&#8230;&#8230;..Freude sich zu sp\u00fcren!&#8220;<\/em><\/p>\n\n\n\n<p>Line Dance Fitness Latino\u00a0 findet Donnerstags von 19.00 -20.00 Uhr in der Gymnastikhalle Seniorenzentrum St. Ewaldi statt. Anmeldungen und R\u00fcckfragen nehmen wir gerne unter info@gid-dortmund.de entgegen. <\/p>\n","protected":false},"excerpt":{"rendered":"<p>Beim Line Dance stehen Spa\u00df, Fitness Tanzen und rhythmisches&nbsp; Bewegen auf Musik im Vordergrund.&nbsp; Er ist bekannt als &#8222;Tanzen in der Reihe &#8222;und ist individuell ohne Partner m\u00f6glich. Musik macht gl\u00fccklich, sie beschwingt uns und l\u00e4sst uns beim Tanzen vergessen, dass wir uns gerade sch\u00f6n anstrengen. Wer regelm\u00e4\u00dfig tanzt verbessert seine Kondition und K\u00f6rperhaltung, h\u00e4lt &hellip; <\/p>\n<p class=\"link-more\"><a href=\"https:\/\/gid-dortmund.de\/?page_id=259\" class=\"more-link\"><span class=\"screen-reader-text\">\u201eLine Dance\u201c <\/span>weiterlesen<\/a><\/p>\n","protected":false},"author":1,"featured_media":0,"parent":0,"menu_order":0,"comment_status":"closed","ping_status":"closed","template":"","meta":{"footnotes":""},"class_list":["post-259","page","type-page","status-publish","hentry"],"_links":{"self":[{"href":"https:\/\/gid-dortmund.de\/index.php?rest_route=\/wp\/v2\/pages\/259","targetHints":{"allow":["GET"]}}],"collection":[{"href":"https:\/\/gid-dortmund.de\/index.php?rest_route=\/wp\/v2\/pages"}],"about":[{"href":"https:\/\/gid-dortmund.de\/index.php?rest_route=\/wp\/v2\/types\/page"}],"author":[{"embeddable":true,"href":"https:\/\/gid-dortmund.de\/index.php?rest_route=\/wp\/v2\/users\/1"}],"replies":[{"embeddable":true,"href":"https:\/\/gid-dortmund.de\/index.php?rest_route=%2Fwp%2Fv2%2Fcomments&post=259"}],"version-history":[{"count":1,"href":"https:\/\/gid-dortmund.de\/index.php?rest_route=\/wp\/v2\/pages\/259\/revisions"}],"predecessor-version":[{"id":260,"href":"https:\/\/gid-dortmund.de\/index.php?rest_route=\/wp\/v2\/pages\/259\/revisions\/260"}],"wp:attachment":[{"href":"https:\/\/gid-dortmund.de\/index.php?rest_route=%2Fwp%2Fv2%2Fmedia&parent=259"}],"curies":[{"name":"wp","href":"https:\/\/api.w.org\/{rel}","templated":true}]}}